{"id":462,"date":"2023-03-07T10:53:58","date_gmt":"2023-03-07T10:53:58","guid":{"rendered":"https:\/\/wordpress-dev.hi.is\/?page_id=462"},"modified":"2024-06-05T13:39:02","modified_gmt":"2024-06-05T13:39:02","slug":"rannsakendur","status":"publish","type":"page","link":"https:\/\/farsaeldarnetid.hi.is\/is\/rannsakendur\/","title":{"rendered":"Rannsakendur"},"content":{"rendered":"\t\t<div data-elementor-type=\"wp-page\" data-elementor-id=\"462\" class=\"elementor elementor-462\" data-elementor-post-type=\"page\">\n\t\t\t\t\t\t<section class=\"elementor-section elementor-top-section elementor-element elementor-element-a9ac794 elementor-section-boxed elementor-section-height-default elementor-section-height-default\" data-id=\"a9ac794\" data-element_type=\"section\" data-e-type=\"section\">\n\t\t\t\t\t\t<div class=\"elementor-container elementor-column-gap-default\">\n\t\t\t\t\t<div class=\"elementor-column elementor-col-100 elementor-top-column elementor-element elementor-element-20dd875\" data-id=\"20dd875\" data-element_type=\"column\" data-e-type=\"column\">\n\t\t\t<div class=\"elementor-widget-wrap elementor-element-populated\">\n\t\t\t\t\t\t<div class=\"elementor-element elementor-element-7e989d6 elementor-widget elementor-widget-heading\" data-id=\"7e989d6\" data-element_type=\"widget\" data-e-type=\"widget\" data-widget_type=\"heading.default\">\n\t\t\t\t<div class=\"elementor-widget-container\">\n\t\t\t\t\t<h2 class=\"elementor-heading-title elementor-size-default\">Rann&shy;sakendur<\/h2>\t\t\t\t<\/div>\n\t\t\t\t<\/div>\n\t\t\t\t<div class=\"elementor-element elementor-element-239da8d elementor-widget elementor-widget-text-editor\" data-id=\"239da8d\" data-element_type=\"widget\" data-e-type=\"widget\" data-widget_type=\"text-editor.default\">\n\t\t\t\t<div class=\"elementor-widget-container\">\n\t\t\t\t\t\t\t\t\t<p><span style=\"color: var( --e-global-color-text ); font-family: var( --e-global-typography-text-font-family ), Sans-serif; font-size: var( --e-global-typography-text-font-size ); font-weight: var( --e-global-typography-text-font-weight );\">Megintilgangur Fars\u00e6ldarnetsins er a\u00f0 tengja saman rannsakendur og fr\u00e6\u00f0af\u00f3lk v\u00ed\u00f0svegar a\u00f0 \u00far heiminum og skapa vettvang fyrir \u00feverfaglegt samtal.\u00a0<\/span><\/p><p>H\u00e9r er a\u00f0 finna allt \u00fea\u00f0 fr\u00e6\u00f0af\u00f3lk sem er \u00feegar or\u00f0i\u00f0 hluti af ranns\u00f3knarnetinu. Til a\u00f0 gerast me\u00f0limur \u00fearf a\u00f0 skr\u00e1 sig \u00ed \u00fear til gert form h\u00e9r \u00e1 vefnum, sj\u00e1 ne\u00f0st \u00e1 s\u00ed\u00f0unni.<\/p>\t\t\t\t\t\t\t\t<\/div>\n\t\t\t\t<\/div>\n\t\t\t\t\t<\/div>\n\t\t<\/div>\n\t\t\t\t\t<\/div>\n\t\t<\/section>\n\t\t\t\t<section class=\"elementor-section elementor-top-section elementor-element elementor-element-7e2a2cca elementor-section-boxed elementor-section-height-default elementor-section-height-default\" data-id=\"7e2a2cca\" data-element_type=\"section\" data-e-type=\"section\">\n\t\t\t\t\t\t<div class=\"elementor-container elementor-column-gap-default\">\n\t\t\t\t\t<div class=\"elementor-column elementor-col-100 elementor-top-column elementor-element elementor-element-2dcc301a\" data-id=\"2dcc301a\" data-element_type=\"column\" data-e-type=\"column\">\n\t\t\t<div class=\"elementor-widget-wrap elementor-element-populated\">\n\t\t\t\t\t\t<div class=\"elementor-element elementor-element-e932fc7 elementor-widget elementor-widget-text-editor\" data-id=\"e932fc7\" data-element_type=\"widget\" data-e-type=\"widget\" data-widget_type=\"text-editor.default\">\n\t\t\t\t<div class=\"elementor-widget-container\">\n\t\t\t\t\t\t\t\t\t<p>H\u00e6gt er a\u00f0 s\u00eda rannsakendur me\u00f0 \u00fev\u00ed a\u00f0 smella \u00e1 ranns\u00f3knarsvi\u00f0.<\/p>\t\t\t\t\t\t\t\t<\/div>\n\t\t\t\t<\/div>\n\t\t\t\t<div class=\"elementor-element elementor-element-c40a682 premium-blog-align-left elementor-widget elementor-widget-premium-addon-blog\" data-id=\"c40a682\" data-element_type=\"widget\" data-e-type=\"widget\" data-settings=\"{&quot;premium_blog_grid&quot;:&quot;yes&quot;,&quot;premium_blog_layout&quot;:&quot;even&quot;,&quot;premium_blog_columns_number&quot;:&quot;50%&quot;,&quot;premium_blog_columns_number_tablet&quot;:&quot;50%&quot;,&quot;premium_blog_columns_number_mobile&quot;:&quot;100%&quot;,&quot;filter_flag&quot;:&quot;cat&quot;}\" data-widget_type=\"premium-addon-blog.default\">\n\t\t\t\t<div class=\"elementor-widget-container\">\n\t\t\t\t\t\n\t\t\t\t\t\t\t<div class=\"premium-blog-filter\">\n\t\t\t<ul class=\"premium-blog-filters-container\">\n\t\t\t\t\t\t\t\t\t<li>\n\t\t\t\t\t\t<a href=\"javascript:;\" class=\"category active\" data-filter=\"*\">\n\t\t\t\t\t\t\t\u00d6ll ranns\u00f3knarsvi\u00f0\t\t\t\t\t\t<\/a>\n\t\t\t\t\t<\/li>\n\t\t\t\t\t\t\t\t\t\t\t\t\t\t<li>\n\t\t\t\t\t\t\t<a href=\"javascript:;\" class=\"category\" data-filter=\"annad\">\n\t\t\t\t\t\t\t\tAnna\u00f0\t\t\t\t\t\t\t<\/a>\n\t\t\t\t\t\t<\/li>\n\t\t\t\t\t\t\t\t\t\t<li>\n\t\t\t\t\t\t\t<a href=\"javascript:;\" class=\"category\" data-filter=\"felagsvisindi\">\n\t\t\t\t\t\t\t\tF\u00e9lagsv\u00edsindi\t\t\t\t\t\t\t<\/a>\n\t\t\t\t\t\t<\/li>\n\t\t\t\t\t\t\t\t\t\t<li>\n\t\t\t\t\t\t\t<a href=\"javascript:;\" class=\"category\" data-filter=\"menntavisindi\">\n\t\t\t\t\t\t\t\tMenntav\u00edsindi\t\t\t\t\t\t\t<\/a>\n\t\t\t\t\t\t<\/li>\n\t\t\t\t\t\t\t<\/ul>\n\t\t<\/div>\n\t\t\t\t\n\n\t\t\t\t<div class=\"premium-blog-wrap  premium-blog-even\" data-page=\"462\">\n\t\t\t\t\t\t\t\t\t<article class=\"premium-blog-post-outer-container annad rannsakendur\" data-total=\"1\">\n\t\t\t<div class=\"premium-blog-post-container premium-blog-skin-modern\">\n\t\t\t\t\t\t\t\t\t\t\t\t<div class=\"premium-blog-content-wrapper empty-thumb\">\n\n\t\t\t\t\t<div class=\"premium-blog-inner-container\">\n\n\t\t\t\t\t\t\t\t\t\t\t\t\t\t<h2 class=\"premium-blog-entry-title\">\n\t\t\t<a href=\"https:\/\/farsaeldarnetid.hi.is\/is\/halldor-s-gudmundsson\/\" target=\"_self\">\n\t\t\t\tHalld\u00f3r S. Gu\u00f0mundsson\t\t\t<\/a>\n\t\t<\/h2>\n\t\t\t\t<div class=\"premium-blog-entry-meta\">\n\t\t\t\n\t\t\t\n\t\t\t\n\t\t\t\t\t<\/div>\n\t\t\n\t\t\t\t\t<\/div>\n\n\t\t\t\t\t\t\t<div class=\"premium-blog-content-inner-wrapper\">\n\t\t<p><strong>D\u00f3sent vi\u00f0 F\u00e9lagsr\u00e1\u00f0gjafadeild H\u00cd<\/strong><\/p>\n<p><em>Ranns\u00f3knarsetur:<\/em> F\u00e1t\u00e6kt<\/p>\n<p><a href=\"mailto:halldorg@hi.is\">Netfang, <\/a><a href=\"https:\/\/orcid.org\/0000-0002-5917-5206\">ORCID<\/a><\/p>\n\t\t<\/div>\n\t\t\t\t\t\t\t\n\t\t\t\t<\/div>\n\t\t\t<\/div>\n\t\t<\/article>\n\n\t\t\t\t<article class=\"premium-blog-post-outer-container annad felagsvisindi rannsakendur\" data-total=\"1\">\n\t\t\t<div class=\"premium-blog-post-container premium-blog-skin-modern\">\n\t\t\t\t\t\t\t\t\t\t\t\t<div class=\"premium-blog-content-wrapper empty-thumb\">\n\n\t\t\t\t\t<div class=\"premium-blog-inner-container\">\n\n\t\t\t\t\t\t\t\t\t\t\t\t\t\t<h2 class=\"premium-blog-entry-title\">\n\t\t\t<a href=\"https:\/\/farsaeldarnetid.hi.is\/is\/hervor-alma-arnadottir\/\" target=\"_self\">\n\t\t\t\tHerv\u00f6r Alma \u00c1rnad\u00f3ttir\t\t\t<\/a>\n\t\t<\/h2>\n\t\t\t\t<div class=\"premium-blog-entry-meta\">\n\t\t\t\n\t\t\t\n\t\t\t\n\t\t\t\t\t<\/div>\n\t\t\n\t\t\t\t\t<\/div>\n\n\t\t\t\t\t\t\t<div class=\"premium-blog-content-inner-wrapper\">\n\t\t<p><strong>D\u00f3sent og deildarforseti vi\u00f0 F\u00e9lagsr\u00e1\u00f0gjafardeild.<\/strong><\/p>\n<p><em>Menntun<\/em>: F\u00e9lagsr\u00e1\u00f0gjafi MSW fr\u00e1 H\u00e1sk\u00f3la \u00cdslands, stundar doktorsn\u00e1m vi\u00f0 H\u00e1sk\u00f3la \u00cdslands.<\/p>\n<p><em>Ranns\u00f3knarsvi\u00f0:<\/em> Bernskufr\u00e6\u00f0i, velfer\u00f0 barna og ungmenna, \u00fe\u00e1tttaka\/notendasamr\u00e1\u00f0, teymi og \u00feverfaglegt<br \/>\nsamstarf, h\u00f3pvinna, samf\u00e9lagsvinna, fj\u00f6lskyldusamr\u00e1\u00f0.<\/p>\n<p><a style=\"cursor: pointer !important; user-select: none !important;\" draggable=\"true\" href=\"mailto:hervora@hi.is\">Netfang<\/a>, <a style=\"cursor: pointer !important; user-select: none !important;\" draggable=\"true\" href=\"https:\/\/iris.rais.is\/is\/persons\/7074f713-1042-4f0b-a047-75cc05bd29bb\">IRIS<\/a>, <a style=\"cursor: pointer !important; user-select: none !important;\" draggable=\"true\" href=\"https:\/\/www.hi.is\/starfsfolk\/hervora\">H\u00cd<\/a><\/p>\n<p>&nbsp;<\/p>\n\t\t<\/div>\n\t\t\t\t\t\t\t\n\t\t\t\t<\/div>\n\t\t\t<\/div>\n\t\t<\/article>\n\n\t\t\t\t<article class=\"premium-blog-post-outer-container annad felagsvisindi menntavisindi rannsakendur\" data-total=\"1\">\n\t\t\t<div class=\"premium-blog-post-container premium-blog-skin-modern\">\n\t\t\t\t\t\t\t\t\t\t\t\t<div class=\"premium-blog-content-wrapper empty-thumb\">\n\n\t\t\t\t\t<div class=\"premium-blog-inner-container\">\n\n\t\t\t\t\t\t\t\t\t\t\t\t\t\t<h2 class=\"premium-blog-entry-title\">\n\t\t\t<a href=\"https:\/\/farsaeldarnetid.hi.is\/is\/herdis-steingrimsdottir\/\" target=\"_self\">\n\t\t\t\tHerd\u00eds Steingr\u00edmsd\u00f3ttir\t\t\t<\/a>\n\t\t<\/h2>\n\t\t\t\t<div class=\"premium-blog-entry-meta\">\n\t\t\t\n\t\t\t\n\t\t\t\n\t\t\t\t\t<\/div>\n\t\t\n\t\t\t\t\t<\/div>\n\n\t\t\t\t\t\t\t<div class=\"premium-blog-content-inner-wrapper\">\n\t\t<p><strong>D\u00f3sent vi\u00f0 Vi\u00f0skiptah\u00e1sk\u00f3lann \u00ed Kaupmannah\u00f6fn (CBS, department of economics), Lektor vi\u00f0 F\u00e9lagsr\u00e1\u00f0gjafardeild H\u00cd.<\/strong><\/p>\n<p><em>Menntun:<\/em> Ph.D. \u00ed hagfr\u00e6\u00f0i fr\u00e1 Culumbia University.<\/p>\n<p><em>Ranns\u00f3knarsvi\u00f0: <\/em>Vinnumarka\u00f0shagfr\u00e6\u00f0i, l\u00fd\u00f0fr\u00e6\u00f0i, kynjajafnr\u00e9tti, fj\u00f6lskyldur, menntun og heilbrig\u00f0i.<\/p>\n<p><a style=\"cursor: pointer !important; user-select: none !important;\" draggable=\"true\" href=\"mailto:hs.eco@cbs.dk\">CBS Netfang<\/a>, <a href=\"mailto:herdisst@hi.is\">H\u00cd netfang, <\/a><a href=\"https:\/\/sites.google.com\/site\/herdissteingrimsdottir\/\">Google Scholar<\/a>, <a style=\"cursor: pointer !important; user-select: none !important;\" draggable=\"true\" href=\"https:\/\/iris.rais.is\/is\/persons\/herd%C3%ADs-steingr%C3%ADmsd%C3%B3ttir\">IRIS<\/a>, <a style=\"cursor: pointer !important; user-select: none !important;\" draggable=\"true\" href=\"https:\/\/www.hi.is\/starfsfolk\/herdisst\">H\u00cd<\/a><\/p>\n\t\t<\/div>\n\t\t\t\t\t\t\t\n\t\t\t\t<\/div>\n\t\t\t<\/div>\n\t\t<\/article>\n\n\t\t\t\t<article class=\"premium-blog-post-outer-container annad felagsvisindi rannsakendur\" data-total=\"1\">\n\t\t\t<div class=\"premium-blog-post-container premium-blog-skin-modern\">\n\t\t\t\t\t\t\t\t\t\t\t\t<div class=\"premium-blog-content-wrapper empty-thumb\">\n\n\t\t\t\t\t<div class=\"premium-blog-inner-container\">\n\n\t\t\t\t\t\t\t\t\t\t\t\t\t\t<h2 class=\"premium-blog-entry-title\">\n\t\t\t<a href=\"https:\/\/farsaeldarnetid.hi.is\/is\/ragnheidur-hergeirsdottir\/\" target=\"_self\">\n\t\t\t\tRagnhei\u00f0ur Hergeirsd\u00f3ttir\t\t\t<\/a>\n\t\t<\/h2>\n\t\t\t\t<div class=\"premium-blog-entry-meta\">\n\t\t\t\n\t\t\t\n\t\t\t\n\t\t\t\t\t<\/div>\n\t\t\n\t\t\t\t\t<\/div>\n\n\t\t\t\t\t\t\t<div class=\"premium-blog-content-inner-wrapper\">\n\t\t<p><strong>Lektor vi\u00f0 F\u00e9lagsr\u00e1\u00f0gjafadeild H\u00cd<\/strong><\/p>\n<p><em>Menntun<\/em>: F\u00e9lagsr\u00e1\u00f0gjafi MA fr\u00e1 H\u00e1sk\u00f3la \u00cdslands, dipl\u00f3ma \u00ed opinberri stj\u00f3rns\u00fdslu fr\u00e1 H\u00e1sk\u00f3la<br \/>\n\u00cdslands, stundar doktorsn\u00e1m vi\u00f0 H\u00e1sk\u00f3la \u00cdslands.<\/p>\n<p><em>Ranns\u00f3knarsvi\u00f0:<\/em> Fars\u00e6ld barna, f\u00e9lags\u00fej\u00f3nusta sveitarf\u00e9laga, hamfaraf\u00e9lagsr\u00e1\u00f0gj\u00f6f, samf\u00e9lagsleg \u00e1f\u00f6ll, \u00e1fallastj\u00f3rnun, sta\u00f0a barna \u00ed hamf\u00f6rum\/samf\u00e9lagslegum \u00e1f\u00f6llum.<\/p>\n<p><a style=\"cursor: pointer !important; user-select: none !important;\" draggable=\"true\" href=\"mailto:ragher@hi.is\">Netfang<\/a>, <a href=\"https:\/\/orcid.org\/0000-0003-1142-7512\">ORCID<\/a>, <a style=\"cursor: pointer !important; user-select: none !important;\" draggable=\"true\" href=\"https:\/\/iris.rais.is\/is\/persons\/ragnhei%C3%B0ur-hergeirsd%C3%B3ttir\">IRIS<\/a>, <a style=\"cursor: pointer !important; user-select: none !important;\" draggable=\"true\" href=\"https:\/\/www.hi.is\/starfsfolk\/ragher\">H\u00cd<\/a><\/p>\n\t\t<\/div>\n\t\t\t\t\t\t\t\n\t\t\t\t<\/div>\n\t\t\t<\/div>\n\t\t<\/article>\n\n\t\t\t\t\t\t\t<\/div>\n\n\t\t\n\t\t\n\t\t\t\t\t\t<\/div>\n\t\t\t\t<\/div>\n\t\t\t\t\t<\/div>\n\t\t<\/div>\n\t\t\t\t\t<\/div>\n\t\t<\/section>\n\t\t\t\t<section class=\"elementor-section elementor-top-section elementor-element elementor-element-3c977d83 elementor-section-boxed elementor-section-height-default elementor-section-height-default\" data-id=\"3c977d83\" data-element_type=\"section\" data-e-type=\"section\">\n\t\t\t\t\t\t<div class=\"elementor-container elementor-column-gap-no\">\n\t\t\t\t\t<div class=\"elementor-column elementor-col-100 elementor-top-column elementor-element elementor-element-19440d9\" data-id=\"19440d9\" data-element_type=\"column\" data-e-type=\"column\">\n\t\t\t<div class=\"elementor-widget-wrap elementor-element-populated\">\n\t\t\t\t\t\t<section class=\"elementor-section elementor-inner-section elementor-element elementor-element-117f1dd2 elementor-section-boxed elementor-section-height-default elementor-section-height-default\" data-id=\"117f1dd2\" data-element_type=\"section\" data-e-type=\"section\">\n\t\t\t\t\t\t<div class=\"elementor-container elementor-column-gap-wide\">\n\t\t\t\t\t<div class=\"elementor-column elementor-col-50 elementor-inner-column elementor-element elementor-element-13962fb3\" data-id=\"13962fb3\" data-element_type=\"column\" data-e-type=\"column\" data-settings=\"{&quot;background_background&quot;:&quot;classic&quot;}\">\n\t\t\t<div class=\"elementor-widget-wrap elementor-element-populated\">\n\t\t\t\t\t\t<div class=\"elementor-element elementor-element-c355af5 elementor-widget elementor-widget-spacer\" data-id=\"c355af5\" data-element_type=\"widget\" data-e-type=\"widget\" data-widget_type=\"spacer.default\">\n\t\t\t\t<div class=\"elementor-widget-container\">\n\t\t\t\t\t\t\t<div class=\"elementor-spacer\">\n\t\t\t<div class=\"elementor-spacer-inner\"><\/div>\n\t\t<\/div>\n\t\t\t\t\t\t<\/div>\n\t\t\t\t<\/div>\n\t\t\t\t\t<\/div>\n\t\t<\/div>\n\t\t\t\t<div class=\"elementor-column elementor-col-50 elementor-inner-column elementor-element elementor-element-60c4c526\" data-id=\"60c4c526\" data-element_type=\"column\" data-e-type=\"column\">\n\t\t\t<div class=\"elementor-widget-wrap elementor-element-populated\">\n\t\t\t\t\t\t<div class=\"elementor-element elementor-element-54e08ec8 elementor-widget elementor-widget-heading\" data-id=\"54e08ec8\" data-element_type=\"widget\" data-e-type=\"widget\" data-widget_type=\"heading.default\">\n\t\t\t\t<div class=\"elementor-widget-container\">\n\t\t\t\t\t<h2 class=\"elementor-heading-title elementor-size-default\"><a href=\"\/rannsakendur\/skraningarform\/\">Taka \u00fe\u00e1tt \u00ed Fars\u00e6ldarnetinu<\/a><\/h2>\t\t\t\t<\/div>\n\t\t\t\t<\/div>\n\t\t\t\t<div class=\"elementor-element elementor-element-1af76127 elementor-widget elementor-widget-text-editor\" data-id=\"1af76127\" data-element_type=\"widget\" data-e-type=\"widget\" data-widget_type=\"text-editor.default\">\n\t\t\t\t<div class=\"elementor-widget-container\">\n\t\t\t\t\t\t\t\t\t<p>Rannsakendur sem hafa \u00e1huga \u00e1 a\u00f0 gerast me\u00f0limir Fars\u00e6larnetsins geta haft samband \u00ed gegnum form h\u00e9r \u00e1 s\u00ed\u00f0unni.<\/p><p>Me\u00f0limir netsins eru birtir h\u00e9r \u00e1 vef ranns\u00f3knarnetsins.<\/p>\t\t\t\t\t\t\t\t<\/div>\n\t\t\t\t<\/div>\n\t\t\t\t<div class=\"elementor-element elementor-element-75932c6e elementor-align-left elementor-widget elementor-widget-button\" data-id=\"75932c6e\" data-element_type=\"widget\" data-e-type=\"widget\" data-widget_type=\"button.default\">\n\t\t\t\t<div class=\"elementor-widget-container\">\n\t\t\t\t\t\t\t\t\t<div class=\"elementor-button-wrapper\">\n\t\t\t\t\t<a class=\"elementor-button elementor-button-link elementor-size-md\" href=\"\/rannsakendur\/skraningarform\/\">\n\t\t\t\t\t\t<span class=\"elementor-button-content-wrapper\">\n\t\t\t\t\t\t\t\t\t<span class=\"elementor-button-text\">Gerast me\u00f0limur<\/span>\n\t\t\t\t\t<\/span>\n\t\t\t\t\t<\/a>\n\t\t\t\t<\/div>\n\t\t\t\t\t\t\t\t<\/div>\n\t\t\t\t<\/div>\n\t\t\t\t\t<\/div>\n\t\t<\/div>\n\t\t\t\t\t<\/div>\n\t\t<\/section>\n\t\t\t\t\t<\/div>\n\t\t<\/div>\n\t\t\t\t\t<\/div>\n\t\t<\/section>\n\t\t\t\t<\/div>\n\t\t","protected":false},"excerpt":{"rendered":"<p>Rann\u00adsakendur Megintilgangur Fars\u00e6ldarnetsins er a\u00f0 tengja saman rannsakendur og fr\u00e6\u00f0af\u00f3lk v\u00ed\u00f0svegar a\u00f0 \u00far heiminum og skapa vettvang fyrir \u00feverfaglegt samtal. H\u00e9r er a\u00f0 finna allt \u00fea\u00f0 fr\u00e6\u00f0af\u00f3lk sem er \u00feegar or\u00f0i\u00f0 hluti af ranns\u00f3knarnetinu. Til a\u00f0 gerast me\u00f0limur \u00fearf a\u00f0 skr\u00e1 sig \u00ed \u00fear til gert form h\u00e9r \u00e1 vefnum, sj\u00e1 ne\u00f0st \u00e1 s\u00ed\u00f0unni. H\u00e6gt [&hellip;]<\/p>\n","protected":false},"author":1,"featured_media":0,"parent":0,"menu_order":0,"comment_status":"closed","ping_status":"closed","template":"","meta":{"footnotes":""},"class_list":["post-462","page","type-page","status-publish","hentry"],"_links":{"self":[{"href":"https:\/\/farsaeldarnetid.hi.is\/is\/wp-json\/wp\/v2\/pages\/462","targetHints":{"allow":["GET"]}}],"collection":[{"href":"https:\/\/farsaeldarnetid.hi.is\/is\/wp-json\/wp\/v2\/pages"}],"about":[{"href":"https:\/\/farsaeldarnetid.hi.is\/is\/wp-json\/wp\/v2\/types\/page"}],"author":[{"embeddable":true,"href":"https:\/\/farsaeldarnetid.hi.is\/is\/wp-json\/wp\/v2\/users\/1"}],"replies":[{"embeddable":true,"href":"https:\/\/farsaeldarnetid.hi.is\/is\/wp-json\/wp\/v2\/comments?post=462"}],"version-history":[{"count":210,"href":"https:\/\/farsaeldarnetid.hi.is\/is\/wp-json\/wp\/v2\/pages\/462\/revisions"}],"predecessor-version":[{"id":2245,"href":"https:\/\/farsaeldarnetid.hi.is\/is\/wp-json\/wp\/v2\/pages\/462\/revisions\/2245"}],"wp:attachment":[{"href":"https:\/\/farsaeldarnetid.hi.is\/is\/wp-json\/wp\/v2\/media?parent=462"}],"curies":[{"name":"wp","href":"https:\/\/api.w.org\/{rel}","templated":true}]}}