{"id":1275,"date":"2024-01-04T13:22:25","date_gmt":"2024-01-04T13:22:25","guid":{"rendered":"https:\/\/icewell.hi.is\/?page_id=1275"},"modified":"2024-09-11T08:34:47","modified_gmt":"2024-09-11T08:34:47","slug":"skraningarform","status":"publish","type":"page","link":"https:\/\/farsaeldarnetid.hi.is\/is\/rannsakendur\/skraningarform\/","title":{"rendered":"Skr\u00e1ningarform"},"content":{"rendered":"\t\t<div data-elementor-type=\"wp-page\" data-elementor-id=\"1275\" class=\"elementor elementor-1275\" data-elementor-post-type=\"page\">\n\t\t\t\t\t\t<section class=\"elementor-section elementor-top-section elementor-element elementor-element-3193549 elementor-section-boxed elementor-section-height-default elementor-section-height-default\" data-id=\"3193549\" data-element_type=\"section\" data-e-type=\"section\">\n\t\t\t\t\t\t<div class=\"elementor-container elementor-column-gap-default\">\n\t\t\t\t\t<div class=\"elementor-column elementor-col-100 elementor-top-column elementor-element elementor-element-53ca7ff\" data-id=\"53ca7ff\" data-element_type=\"column\" data-e-type=\"column\">\n\t\t\t<div class=\"elementor-widget-wrap elementor-element-populated\">\n\t\t\t\t\t\t<div class=\"elementor-element elementor-element-4d557fb elementor-widget elementor-widget-heading\" data-id=\"4d557fb\" data-element_type=\"widget\" data-e-type=\"widget\" data-widget_type=\"heading.default\">\n\t\t\t\t<div class=\"elementor-widget-container\">\n\t\t\t\t\t<h1 class=\"elementor-heading-title elementor-size-default\">Gerast me\u00f0limur Fars\u00e6ldarnetsins<\/h1>\t\t\t\t<\/div>\n\t\t\t\t<\/div>\n\t\t\t\t<div class=\"elementor-element elementor-element-40a095f elementor-widget elementor-widget-text-editor\" data-id=\"40a095f\" data-element_type=\"widget\" data-e-type=\"widget\" data-widget_type=\"text-editor.default\">\n\t\t\t\t<div class=\"elementor-widget-container\">\n\t\t\t\t\t\t\t\t\t<p>Rannsakendur sem hafa \u00e1huga \u00e1 a\u00f0 vera me\u00f0limur Fars\u00e6larnetsins geta sent ums\u00f3kn \u00ed gegnum formi\u00f0 h\u00e9r a\u00f0 ne\u00f0an.\u00a0<\/p><p>Allar uppl\u00fdsingar sem berast \u00ed gegnum \u00feetta form eru birtar \u00e1 vef Fars\u00e6ldarnetsins.<\/p>\t\t\t\t\t\t\t\t<\/div>\n\t\t\t\t<\/div>\n\t\t\t\t\t<\/div>\n\t\t<\/div>\n\t\t\t\t\t<\/div>\n\t\t<\/section>\n\t\t\t\t<section class=\"elementor-section elementor-top-section elementor-element elementor-element-ff895cb elementor-section-boxed elementor-section-height-default elementor-section-height-default\" data-id=\"ff895cb\" data-element_type=\"section\" data-e-type=\"section\">\n\t\t\t\t\t\t<div class=\"elementor-container elementor-column-gap-default\">\n\t\t\t\t\t<div class=\"elementor-column elementor-col-100 elementor-top-column elementor-element elementor-element-32727b1\" data-id=\"32727b1\" data-element_type=\"column\" data-e-type=\"column\">\n\t\t\t<div class=\"elementor-widget-wrap elementor-element-populated\">\n\t\t\t\t\t\t<div class=\"elementor-element elementor-element-732cc34 elementor-widget__width-initial elementor-widget elementor-widget-wpforms\" data-id=\"732cc34\" data-element_type=\"widget\" data-e-type=\"widget\" data-widget_type=\"wpforms.default\">\n\t\t\t\t<div class=\"elementor-widget-container\">\n\t\t\t\t\t<style id=\"wpforms-css-vars-elementor-widget-732cc34\">\n\t\t\t\t.elementor-widget-wpforms.elementor-element-732cc34 {\n\t\t\t\t--wpforms-label-color: #262626;\n--wpforms-button-background-color: #10099F;\n\t\t\t}\n\t\t\t<\/style><div class=\"wpforms-container wpforms-container-full wpforms-render-modern\" id=\"wpforms-1277\"><form id=\"wpforms-form-1277\" class=\"wpforms-validate wpforms-form wpforms-ajax-form\" data-formid=\"1277\" method=\"post\" enctype=\"multipart\/form-data\" action=\"\/is\/wp-json\/wp\/v2\/pages\/1275\" data-token=\"f7cfbe789d536eb81b12100e6d7d7422\" data-token-time=\"1775304537\"><noscript class=\"wpforms-error-noscript\">Please enable JavaScript in your browser to complete this form.<\/noscript><div id=\"wpforms-error-noscript\" style=\"display: none;\">Please enable JavaScript in your browser to complete this form.<\/div><div class=\"wpforms-field-container\"><div id=\"wpforms-1277-field_1-container\" class=\"wpforms-field wpforms-field-name\" data-field-id=\"1\"><label class=\"wpforms-field-label\" for=\"wpforms-1277-field_1\">Nafn <span class=\"wpforms-required-label\" aria-hidden=\"true\">*<\/span><\/label><input type=\"text\" id=\"wpforms-1277-field_1\" class=\"wpforms-field-medium wpforms-field-required\" name=\"wpforms[fields][1]\" aria-errormessage=\"wpforms-1277-field_1-error\" required><\/div><div id=\"wpforms-1277-field_9-container\" class=\"wpforms-field wpforms-field-text\" data-field-id=\"9\"><label class=\"wpforms-field-label\" for=\"wpforms-1277-field_9\">Sta\u00f0a <span class=\"wpforms-required-label\" aria-hidden=\"true\">*<\/span><\/label><input type=\"text\" id=\"wpforms-1277-field_9\" class=\"wpforms-field-medium wpforms-field-required\" name=\"wpforms[fields][9]\" aria-errormessage=\"wpforms-1277-field_9-error\" aria-describedby=\"wpforms-1277-field_9-description\" required><div id=\"wpforms-1277-field_9-description\" class=\"wpforms-field-description\">Sta\u00f0a \u00fe\u00edn og nafn h\u00e1sk\u00f3la \u00fe\u00edns<\/div><\/div><div id=\"wpforms-1277-field_8-container\" class=\"wpforms-field wpforms-field-text\" data-field-id=\"8\"><label class=\"wpforms-field-label\" for=\"wpforms-1277-field_8\">Fr\u00e6\u00f0igrein<\/label><input type=\"text\" id=\"wpforms-1277-field_8\" class=\"wpforms-field-medium\" name=\"wpforms[fields][8]\" aria-errormessage=\"wpforms-1277-field_8-error\" aria-describedby=\"wpforms-1277-field_8-description\" ><div id=\"wpforms-1277-field_8-description\" class=\"wpforms-field-description\">Deild<\/div><\/div><div id=\"wpforms-1277-field_13-container\" class=\"wpforms-field wpforms-field-textarea\" data-field-id=\"13\"><label class=\"wpforms-field-label\" for=\"wpforms-1277-field_13\">Menntun<\/label><textarea id=\"wpforms-1277-field_13\" class=\"wpforms-field-medium\" name=\"wpforms[fields][13]\" aria-errormessage=\"wpforms-1277-field_13-error\" ><\/textarea><\/div><div id=\"wpforms-1277-field_3-container\" class=\"wpforms-field wpforms-field-text\" data-field-id=\"3\"><label class=\"wpforms-field-label\" for=\"wpforms-1277-field_3\">Ranns\u00f3knarsetur<\/label><input type=\"text\" id=\"wpforms-1277-field_3\" class=\"wpforms-field-medium\" name=\"wpforms[fields][3]\" aria-errormessage=\"wpforms-1277-field_3-error\" aria-describedby=\"wpforms-1277-field_3-description\" ><div id=\"wpforms-1277-field_3-description\" class=\"wpforms-field-description\">Skr\u00e1\u00f0u \u00f6ll ranns\u00f3knarsetur \u00fe\u00edn h\u00e9r\r\n<\/div><\/div><div id=\"wpforms-1277-field_7-container\" class=\"wpforms-field wpforms-field-checkbox\" data-field-id=\"7\"><fieldset><legend class=\"wpforms-field-label\">\u00c1 hva\u00f0a svi\u00f0i eru ranns\u00f3knarefni \u00fe\u00edn? <span class=\"wpforms-required-label\" aria-hidden=\"true\">*<\/span><\/legend><ul id=\"wpforms-1277-field_7\" class=\"wpforms-field-required\"><li class=\"choice-1 depth-1\"><input type=\"checkbox\" id=\"wpforms-1277-field_7_1\" name=\"wpforms[fields][7][]\" value=\"F\u00e9lagsv\u00edsindi\" aria-errormessage=\"wpforms-1277-field_7_1-error\" required ><label class=\"wpforms-field-label-inline\" for=\"wpforms-1277-field_7_1\">F\u00e9lagsv\u00edsindi<\/label><\/li><li class=\"choice-2 depth-1\"><input type=\"checkbox\" id=\"wpforms-1277-field_7_2\" name=\"wpforms[fields][7][]\" value=\"Menntav\u00edsindi\" aria-errormessage=\"wpforms-1277-field_7_2-error\" required ><label class=\"wpforms-field-label-inline\" for=\"wpforms-1277-field_7_2\">Menntav\u00edsindi<\/label><\/li><li class=\"choice-3 depth-1\"><input type=\"checkbox\" id=\"wpforms-1277-field_7_3\" name=\"wpforms[fields][7][]\" value=\"Heilbrig\u00f0isv\u00edsindi\" aria-errormessage=\"wpforms-1277-field_7_3-error\" required ><label class=\"wpforms-field-label-inline\" for=\"wpforms-1277-field_7_3\">Heilbrig\u00f0isv\u00edsindi<\/label><\/li><li class=\"choice-4 depth-1\"><input type=\"checkbox\" id=\"wpforms-1277-field_7_4\" name=\"wpforms[fields][7][]\" value=\"Hugv\u00edsindi\" aria-errormessage=\"wpforms-1277-field_7_4-error\" required ><label class=\"wpforms-field-label-inline\" for=\"wpforms-1277-field_7_4\">Hugv\u00edsindi<\/label><\/li><li class=\"choice-5 depth-1\"><input type=\"checkbox\" id=\"wpforms-1277-field_7_5\" name=\"wpforms[fields][7][]\" value=\"Anna\u00f0\" aria-errormessage=\"wpforms-1277-field_7_5-error\" required ><label class=\"wpforms-field-label-inline\" for=\"wpforms-1277-field_7_5\">Anna\u00f0<\/label><\/li><\/ul><\/fieldset><\/div><div id=\"wpforms-1277-field_6-container\" class=\"wpforms-field wpforms-field-textarea\" data-field-id=\"6\"><label class=\"wpforms-field-label\" for=\"wpforms-1277-field_6\">\u00cdtarlegri uppl\u00fdsingar um ranns\u00f3knarsvi\u00f0<\/label><textarea id=\"wpforms-1277-field_6\" class=\"wpforms-field-medium\" name=\"wpforms[fields][6]\" aria-errormessage=\"wpforms-1277-field_6-error\" aria-describedby=\"wpforms-1277-field_6-description\" ><\/textarea><div id=\"wpforms-1277-field_6-description\" class=\"wpforms-field-description\">Skr\u00e1\u00f0u h\u00e9r \u00f6ll \u00fe\u00edn ranns\u00f3knarsvi\u00f0 sem ekki hafa \u00e1\u00f0ur komi\u00f0 fram.<\/div><\/div><div id=\"wpforms-1277-field_2-container\" class=\"wpforms-field wpforms-field-email\" data-field-id=\"2\"><label class=\"wpforms-field-label\" for=\"wpforms-1277-field_2\">Netfang <span class=\"wpforms-required-label\" aria-hidden=\"true\">*<\/span><\/label><input type=\"email\" id=\"wpforms-1277-field_2\" class=\"wpforms-field-medium wpforms-field-required\" name=\"wpforms[fields][2]\" spellcheck=\"false\" aria-errormessage=\"wpforms-1277-field_2-error\" required><\/div><div id=\"wpforms-1277-field_10-container\" class=\"wpforms-field wpforms-field-text\" data-field-id=\"10\"><label class=\"wpforms-field-label\" for=\"wpforms-1277-field_10\">Tengill <span class=\"wpforms-required-label\" aria-hidden=\"true\">*<\/span><\/label><input type=\"text\" id=\"wpforms-1277-field_10\" class=\"wpforms-field-medium wpforms-field-required\" name=\"wpforms[fields][10]\" aria-errormessage=\"wpforms-1277-field_10-error\" aria-describedby=\"wpforms-1277-field_10-description\" required><div id=\"wpforms-1277-field_10-description\" class=\"wpforms-field-description\">Skr\u00e1\u00f0u h\u00e9r tengil (e. link) sem v\u00edsar \u00ed uppl\u00fdsingar um \u00feig \u00e1 vef h\u00e1sk\u00f3lans \u00fe\u00edns, e\u00f0a \u00e1 annarri s\u00ed\u00f0u eins og ORCID e\u00f0a IRIS.\r\n<\/div><\/div><div id=\"wpforms-1277-field_11-container\" class=\"wpforms-field wpforms-field-text\" data-field-id=\"11\"><label class=\"wpforms-field-label\" for=\"wpforms-1277-field_11\">Tengill 2<\/label><input type=\"text\" id=\"wpforms-1277-field_11\" class=\"wpforms-field-medium\" name=\"wpforms[fields][11]\" aria-errormessage=\"wpforms-1277-field_11-error\" aria-describedby=\"wpforms-1277-field_11-description\" ><div id=\"wpforms-1277-field_11-description\" class=\"wpforms-field-description\">Valkv\u00e6mt: skr\u00e1\u00f0u h\u00e9r tengil (e. link) sem v\u00edsar \u00ed uppl\u00fdsingar um \u00feig \u00e1 vef h\u00e1sk\u00f3lans \u00fe\u00edns, e\u00f0a \u00e1 annarri s\u00ed\u00f0u eins og ORCID e\u00f0a IRIS.\r\n<\/div><\/div><div id=\"wpforms-1277-field_12-container\" class=\"wpforms-field wpforms-field-text\" data-field-id=\"12\"><label class=\"wpforms-field-label\" for=\"wpforms-1277-field_12\">Tengill 3<\/label><input type=\"text\" id=\"wpforms-1277-field_12\" class=\"wpforms-field-medium\" name=\"wpforms[fields][12]\" aria-errormessage=\"wpforms-1277-field_12-error\" aria-describedby=\"wpforms-1277-field_12-description\" ><div id=\"wpforms-1277-field_12-description\" class=\"wpforms-field-description\">Valkv\u00e6mt: skr\u00e1\u00f0u h\u00e9r tengil (e. link) sem v\u00edsar \u00ed uppl\u00fdsingar um \u00feig \u00e1 vef h\u00e1sk\u00f3lans \u00fe\u00edns, e\u00f0a \u00e1 annarri s\u00ed\u00f0u eins og ORCID e\u00f0a IRIS.\r\n<\/div><\/div><\/div><!-- .wpforms-field-container --><div class=\"wpforms-submit-container\" ><input type=\"hidden\" name=\"wpforms[id]\" value=\"1277\"><input type=\"hidden\" name=\"page_title\" value=\"\"><input type=\"hidden\" name=\"page_url\" value=\"https:\/\/farsaeldarnetid.hi.is\/is\/wp-json\/wp\/v2\/pages\/1275\"><input type=\"hidden\" name=\"url_referer\" value=\"\"><button type=\"submit\" name=\"wpforms[submit]\" id=\"wpforms-submit-1277\" class=\"wpforms-submit\" data-alt-text=\"Sendist...\" data-submit-text=\"Senda ums\u00f3kn\" aria-live=\"assertive\" value=\"wpforms-submit\">Senda ums\u00f3kn<\/button><img decoding=\"async\" src=\"https:\/\/farsaeldarnetid.hi.is\/wp-content\/plugins\/wpforms-lite\/assets\/images\/submit-spin.svg\" class=\"wpforms-submit-spinner\" style=\"display: none;\" width=\"26\" height=\"26\" alt=\"Loading\"><\/div><\/form><\/div>  <!-- .wpforms-container -->\t\t\t\t<\/div>\n\t\t\t\t<\/div>\n\t\t\t\t\t<\/div>\n\t\t<\/div>\n\t\t\t\t\t<\/div>\n\t\t<\/section>\n\t\t\t\t<\/div>\n\t\t","protected":false},"excerpt":{"rendered":"<p>Gerast me\u00f0limur Fars\u00e6ldarnetsins Rannsakendur sem hafa \u00e1huga \u00e1 a\u00f0 vera me\u00f0limur Fars\u00e6larnetsins geta sent ums\u00f3kn \u00ed gegnum formi\u00f0 h\u00e9r a\u00f0 ne\u00f0an. Allar uppl\u00fdsingar sem berast \u00ed gegnum \u00feetta form eru birtar \u00e1 vef Fars\u00e6ldarnetsins. Please enable JavaScript in your browser to complete this form.Please enable JavaScript in your browser to complete this form.Nafn *Sta\u00f0a *Sta\u00f0a [&hellip;]<\/p>\n","protected":false},"author":11,"featured_media":0,"parent":462,"menu_order":0,"comment_status":"closed","ping_status":"closed","template":"","meta":{"footnotes":""},"class_list":["post-1275","page","type-page","status-publish","hentry"],"_links":{"self":[{"href":"https:\/\/farsaeldarnetid.hi.is\/is\/wp-json\/wp\/v2\/pages\/1275","targetHints":{"allow":["GET"]}}],"collection":[{"href":"https:\/\/farsaeldarnetid.hi.is\/is\/wp-json\/wp\/v2\/pages"}],"about":[{"href":"https:\/\/farsaeldarnetid.hi.is\/is\/wp-json\/wp\/v2\/types\/page"}],"author":[{"embeddable":true,"href":"https:\/\/farsaeldarnetid.hi.is\/is\/wp-json\/wp\/v2\/users\/11"}],"replies":[{"embeddable":true,"href":"https:\/\/farsaeldarnetid.hi.is\/is\/wp-json\/wp\/v2\/comments?post=1275"}],"version-history":[{"count":50,"href":"https:\/\/farsaeldarnetid.hi.is\/is\/wp-json\/wp\/v2\/pages\/1275\/revisions"}],"predecessor-version":[{"id":2259,"href":"https:\/\/farsaeldarnetid.hi.is\/is\/wp-json\/wp\/v2\/pages\/1275\/revisions\/2259"}],"up":[{"embeddable":true,"href":"https:\/\/farsaeldarnetid.hi.is\/is\/wp-json\/wp\/v2\/pages\/462"}],"wp:attachment":[{"href":"https:\/\/farsaeldarnetid.hi.is\/is\/wp-json\/wp\/v2\/media?parent=1275"}],"curies":[{"name":"wp","href":"https:\/\/api.w.org\/{rel}","templated":true}]}}