{"id":469,"date":"2023-03-07T10:54:44","date_gmt":"2023-03-07T10:54:44","guid":{"rendered":"https:\/\/wordpress-dev.hi.is\/?page_id=469"},"modified":"2024-06-05T13:45:44","modified_gmt":"2024-06-05T13:45:44","slug":"stjorn","status":"publish","type":"page","link":"https:\/\/farsaeldarnetid.hi.is\/en\/stjorn\/","title":{"rendered":"Board members"},"content":{"rendered":"<div data-elementor-type=\"wp-page\" data-elementor-id=\"469\" class=\"elementor elementor-469\" data-elementor-post-type=\"page\">\n\t\t\t\t\t\t<section class=\"elementor-section elementor-top-section elementor-element elementor-element-55b3b8dd elementor-section-boxed elementor-section-height-default elementor-section-height-default\" data-id=\"55b3b8dd\" data-element_type=\"section\" data-e-type=\"section\">\n\t\t\t\t\t\t<div class=\"elementor-container elementor-column-gap-default\">\n\t\t\t\t\t<div class=\"elementor-column elementor-col-100 elementor-top-column elementor-element elementor-element-2a3d29f3\" data-id=\"2a3d29f3\" data-element_type=\"column\" data-e-type=\"column\">\n\t\t\t<div class=\"elementor-widget-wrap elementor-element-populated\">\n\t\t\t\t\t\t<div class=\"elementor-element elementor-element-0690b4c elementor-widget elementor-widget-heading\" data-id=\"0690b4c\" data-element_type=\"widget\" data-e-type=\"widget\" data-widget_type=\"heading.default\">\n\t\t\t\t<div class=\"elementor-widget-container\">\n\t\t\t\t\t<h1 class=\"elementor-heading-title elementor-size-default\">Board members<\/h1>\t\t\t\t<\/div>\n\t\t\t\t<\/div>\n\t\t\t\t<div class=\"elementor-element elementor-element-7b31b10 elementor-widget elementor-widget-heading\" data-id=\"7b31b10\" data-element_type=\"widget\" data-e-type=\"widget\" data-widget_type=\"heading.default\">\n\t\t\t\t<div class=\"elementor-widget-container\">\n\t\t\t\t\t<h2 class=\"elementor-heading-title elementor-size-default\">Board members<\/h2>\t\t\t\t<\/div>\n\t\t\t\t<\/div>\n\t\t\t\t\t<\/div>\n\t\t<\/div>\n\t\t\t\t\t<\/div>\n\t\t<\/section>\n\t\t\t\t<section class=\"elementor-section elementor-top-section elementor-element elementor-element-6ff5e3a7 elementor-section-boxed elementor-section-height-default elementor-section-height-default\" data-id=\"6ff5e3a7\" data-element_type=\"section\" data-e-type=\"section\">\n\t\t\t\t\t\t<div class=\"elementor-container elementor-column-gap-default\">\n\t\t\t\t\t<div class=\"elementor-column elementor-col-25 elementor-top-column elementor-element elementor-element-6b97c937\" data-id=\"6b97c937\" data-element_type=\"column\" data-e-type=\"column\">\n\t\t\t<div class=\"elementor-widget-wrap elementor-element-populated\">\n\t\t\t\t\t\t<div class=\"elementor-element elementor-element-7ff16508 elementor-widget elementor-widget-elementskit-team\" data-id=\"7ff16508\" data-element_type=\"widget\" data-e-type=\"widget\" data-widget_type=\"elementskit-team.default\">\n\t\t\t\t<div class=\"elementor-widget-container\">\n\t\t\t\t\t<div class=\"ekit-wid-con\">\t\t\t\t\t\t\t\t\n\t\t<div class=\"profile-card elementor-animation- text-center ekit-team-style-default\">\n\t\t\t\n\t\t\t\t<div class=\"profile-header ekit-team-img ekit-img-overlay ekit-team-img-block\" >\n\t\t\t\t\t<img fetchpriority=\"high\" decoding=\"async\" width=\"740\" height=\"1024\" src=\"https:\/\/farsaeldarnetid.hi.is\/wp-content\/uploads\/2024\/01\/RH-Ragnheidur-Hergeirs-740x1024.jpg\" class=\"attachment-large size-large wp-image-966\" alt=\"Ragnhei\u00f0ur Hergeirsd\u00f3ttir\" srcset=\"https:\/\/farsaeldarnetid.hi.is\/wp-content\/uploads\/2024\/01\/RH-Ragnheidur-Hergeirs-740x1024.jpg 740w, https:\/\/farsaeldarnetid.hi.is\/wp-content\/uploads\/2024\/01\/RH-Ragnheidur-Hergeirs-217x300.jpg 217w, https:\/\/farsaeldarnetid.hi.is\/wp-content\/uploads\/2024\/01\/RH-Ragnheidur-Hergeirs-768x1063.jpg 768w, https:\/\/farsaeldarnetid.hi.is\/wp-content\/uploads\/2024\/01\/RH-Ragnheidur-Hergeirs.jpg 939w\" sizes=\"(max-width: 740px) 100vw, 740px\" \/>\t\t\t\t<\/div><!-- .profile-header END -->\n\t\t\t\n\n\t\t\t\t<div class=\"profile-body\">\n\t\t\t\t\t\n\t\t\t\t\t<h2 class=\"profile-title\">\n\t\t\t\t\t\t\t\t\t\t\tRagnhei\u00f0ur Hergeirsd\u00f3ttir\t\t\t\t\t\t\t\t\t\t<\/h2>\n\t\t\t\t\t<p class=\"profile-designation\">Assistant Professor, Faculty of Social Work at The University of Iceland<\/p>\n\t\t\t\t\t\t\t\t\t<\/div><!-- .profile-body END -->\n\n\t\t\t\t\t\t\t\t\t<div class=\"profile-footer\">\n\t\t\t\t\t\t<ul class=\"ekit-team-social-list\">\n\t\t\t<li class=\"elementor-repeater-item-adbb7c3\">\n\t\t\t<a href=\"https:\/\/english.hi.is\/staff\/ragher\" aria-label=\"University page\">\n\t\t\t\t<i aria-hidden=\"true\" class=\"fas fa-university\"><\/i>\t\t\t<\/a>\n\t\t<\/li>\n\t\t\t<li class=\"elementor-repeater-item-ade7680\">\n\t\t\t<a href=\"https:\/\/orcid.org\/0000-0003-1142-7512\" aria-label=\"ORCID\">\n\t\t\t\t<i aria-hidden=\"true\" class=\"fab fa-orcid\"><\/i>\t\t\t<\/a>\n\t\t<\/li>\n\t\t\t<li class=\"elementor-repeater-item-adf4f3b\">\n\t\t\t<a href=\"tel:5255252\" aria-label=\"Telephone\">\n\t\t\t\t<i aria-hidden=\"true\" class=\"fas fa-phone-alt\"><\/i>\t\t\t<\/a>\n\t\t<\/li>\n\t\t\t<li class=\"elementor-repeater-item-42450d1\">\n\t\t\t<a href=\"mailto:ragnher@hi.is\" aria-label=\"Email\">\n\t\t\t\t<i aria-hidden=\"true\" class=\"icon icon-email1\"><\/i>\t\t\t<\/a>\n\t\t<\/li>\n\t<\/ul>\n\t\t\t\t\t<\/div>\n\t\t\t\t\t\t\t\t\t<\/div>\n\t\t\t\t\t\t\t\n\t\t\t\n\t\t\t\t<\/div>\t\t\t\t<\/div>\n\t\t\t\t<\/div>\n\t\t\t\t\t<\/div>\n\t\t<\/div>\n\t\t\t\t<div class=\"elementor-column elementor-col-25 elementor-top-column elementor-element elementor-element-dc0379d\" data-id=\"dc0379d\" data-element_type=\"column\" data-e-type=\"column\">\n\t\t\t<div class=\"elementor-widget-wrap elementor-element-populated\">\n\t\t\t\t\t\t<div class=\"elementor-element elementor-element-b7a064e elementor-widget elementor-widget-elementskit-team\" data-id=\"b7a064e\" data-element_type=\"widget\" data-e-type=\"widget\" data-widget_type=\"elementskit-team.default\">\n\t\t\t\t<div class=\"elementor-widget-container\">\n\t\t\t\t\t<div class=\"ekit-wid-con\">\t\t\t\t\t\t\t\t\n\t\t<div class=\"profile-card elementor-animation- text-center ekit-team-style-default\">\n\t\t\t\n\t\t\t\t<div class=\"profile-header ekit-team-img ekit-img-overlay ekit-team-img-block\" >\n\t\t\t\t\t<img decoding=\"async\" width=\"526\" height=\"728\" src=\"https:\/\/farsaeldarnetid.hi.is\/wp-content\/uploads\/2024\/01\/herdis-Herdis-Steingrimsdottir.jpg\" class=\"attachment-large size-large wp-image-964\" alt=\"Herd\u00eds Steingr\u00edmsd\u00f3ttir\" srcset=\"https:\/\/farsaeldarnetid.hi.is\/wp-content\/uploads\/2024\/01\/herdis-Herdis-Steingrimsdottir.jpg 526w, https:\/\/farsaeldarnetid.hi.is\/wp-content\/uploads\/2024\/01\/herdis-Herdis-Steingrimsdottir-217x300.jpg 217w\" sizes=\"(max-width: 526px) 100vw, 526px\" \/>\t\t\t\t<\/div><!-- .profile-header END -->\n\t\t\t\n\n\t\t\t\t<div class=\"profile-body\">\n\t\t\t\t\t\n\t\t\t\t\t<h2 class=\"profile-title\">\n\t\t\t\t\t\t\t\t\t\t\tHerd\u00eds Steingr\u00edmsd\u00f3ttir\t\t\t\t\t\t\t\t\t\t<\/h2>\n\t\t\t\t\t<p class=\"profile-designation\">Assistant Professor in Economics at Copenhagen Business School and Associate Professor at the Department of Social Work at the University of Iceland<\/p>\n\t\t\t\t\t\t\t\t\t<\/div><!-- .profile-body END -->\n\n\t\t\t\t\t\t\t\t\t<div class=\"profile-footer\">\n\t\t\t\t\t\t<ul class=\"ekit-team-social-list\">\n\t\t\t<li class=\"elementor-repeater-item-adbb7c3\">\n\t\t\t<a href=\"https:\/\/sites.google.com\/site\/herdissteingrimsdottir\/%20\" aria-label=\"Home\">\n\t\t\t\t<svg xmlns=\"http:\/\/www.w3.org\/2000\/svg\" xmlns:xlink=\"http:\/\/www.w3.org\/1999\/xlink\" id=\"Layer_1\" x=\"0px\" y=\"0px\" width=\"200px\" height=\"200px\" viewbox=\"0 0 200 200\" xml:space=\"preserve\"><g>\t<line fill=\"#FFFFFF\" x1=\"-0.004\" y1=\"61\" x2=\"200\" y2=\"61\"><\/line>\t<rect x=\"-0.004\" y=\"53\" fill=\"#FFFFFF\" width=\"200.004\" height=\"16\"><\/rect><\/g><g>\t<line fill=\"#FFFFFF\" x1=\"0\" y1=\"190\" x2=\"200\" y2=\"190\"><\/line>\t<rect y=\"182\" fill=\"#FFFFFF\" width=\"200\" height=\"16\"><\/rect><\/g><g>\t<line fill=\"#FFFFFF\" x1=\"15.5\" y1=\"162.5\" x2=\"183.519\" y2=\"162.5\"><\/line>\t<rect x=\"15.5\" y=\"154.5\" fill=\"#FFFFFF\" width=\"168.019\" height=\"16\"><\/rect><\/g><g>\t<line fill=\"#FFFFFF\" x1=\"21.5\" y1=\"90.5\" x2=\"173.5\" y2=\"90.5\"><\/line>\t<rect x=\"21.5\" y=\"82.5\" fill=\"#FFFFFF\" width=\"152\" height=\"16\"><\/rect><\/g><g>\t<line fill=\"#FFFFFF\" x1=\"29\" y1=\"82.5\" x2=\"29\" y2=\"163.75\"><\/line>\t<rect x=\"21\" y=\"82.5\" fill=\"#FFFFFF\" width=\"16\" height=\"81.25\"><\/rect><\/g><g>\t<line fill=\"#FFFFFF\" x1=\"55\" y1=\"84.5\" x2=\"55\" y2=\"165.75\"><\/line>\t<rect x=\"47\" y=\"84.5\" fill=\"#FFFFFF\" width=\"16\" height=\"81.25\"><\/rect><\/g><g>\t<line fill=\"#FFFFFF\" x1=\"81\" y1=\"82.5\" x2=\"81\" y2=\"163.75\"><\/line>\t<rect x=\"73\" y=\"82.5\" fill=\"#FFFFFF\" width=\"16\" height=\"81.25\"><\/rect><\/g><g>\t<line fill=\"#FFFFFF\" x1=\"119\" y1=\"82.5\" x2=\"119\" y2=\"163.75\"><\/line>\t<rect x=\"111\" y=\"82.5\" fill=\"#FFFFFF\" width=\"16\" height=\"81.25\"><\/rect><\/g><g>\t<line fill=\"#FFFFFF\" x1=\"145\" y1=\"83.5\" x2=\"145\" y2=\"164.75\"><\/line>\t<rect x=\"137\" y=\"83.5\" fill=\"#FFFFFF\" width=\"16\" height=\"81.25\"><\/rect><\/g><g>\t<line fill=\"#FFFFFF\" x1=\"171\" y1=\"82.5\" x2=\"171\" y2=\"163.75\"><\/line>\t<rect x=\"163\" y=\"82.5\" fill=\"#FFFFFF\" width=\"16\" height=\"81.25\"><\/rect><\/g><g>\t<polygon fill=\"#FFFFFF\" points=\"188.877,61.035 188.804,61 184.284,61 184.284,58.873 100.292,19.333 15.886,58.602 15.886,61   -0.114,61 -0.114,48.398 100.332,1.667 200.284,48.72 200.284,61  \"><\/polygon><\/g><g>\t\t\t<rect x=\"5.864\" y=\"67.607\" transform=\"matrix(0.7071 0.7071 -0.7071 0.7071 60.8153 4.3917)\" fill=\"#FFFFFF\" width=\"38.485\" height=\"16\"><\/rect><\/g><g>\t\t\t<rect x=\"170.013\" y=\"54\" transform=\"matrix(0.7071 0.7071 -0.7071 0.7071 104.8011 -104.055)\" fill=\"#FFFFFF\" width=\"16\" height=\"40.974\"><\/rect><\/g><g>\t<path fill=\"#FFFFFF\" stroke=\"#110C0D\" stroke-width=\"16\" d=\"M29,157.75\"><\/path><\/g><g>\t\t\t<rect x=\"168.798\" y=\"165.08\" transform=\"matrix(0.5146 0.8574 -0.8574 0.5146 238.2924 -74.7722)\" fill=\"#FFFFFF\" width=\"32.779\" height=\"16\"><\/rect><\/g><g>\t\t\t<rect x=\"6.732\" y=\"156.369\" transform=\"matrix(0.8776 0.4794 -0.4794 0.8776 84.555 14.0651)\" fill=\"#FFFFFF\" width=\"16\" height=\"32.519\"><\/rect><\/g><g><\/g><g><\/g><g><\/g><g><\/g><g><\/g><g><\/g><\/svg>\t\t\t<\/a>\n\t\t<\/li>\n\t\t\t<li class=\"elementor-repeater-item-1ef450b\">\n\t\t\t<a href=\"mailto:herdisst@hi.is\/%20\" aria-label=\"Email\">\n\t\t\t\t<i aria-hidden=\"true\" class=\"icon icon-email1\"><\/i>\t\t\t<\/a>\n\t\t<\/li>\n\t<\/ul>\n\t\t\t\t\t<\/div>\n\t\t\t\t\t\t\t\t\t<\/div>\n\t\t\t\t\t\t\t\n\t\t\t\n\t\t\t\t<\/div>\t\t\t\t<\/div>\n\t\t\t\t<\/div>\n\t\t\t\t\t<\/div>\n\t\t<\/div>\n\t\t\t\t<div class=\"elementor-column elementor-col-25 elementor-top-column elementor-element elementor-element-5a7125fa\" data-id=\"5a7125fa\" data-element_type=\"column\" data-e-type=\"column\">\n\t\t\t<div class=\"elementor-widget-wrap elementor-element-populated\">\n\t\t\t\t\t\t<div class=\"elementor-element elementor-element-3e28ebb elementor-widget elementor-widget-elementskit-team\" data-id=\"3e28ebb\" data-element_type=\"widget\" data-e-type=\"widget\" data-widget_type=\"elementskit-team.default\">\n\t\t\t\t<div class=\"elementor-widget-container\">\n\t\t\t\t\t<div class=\"ekit-wid-con\">\t\t\t\t\t\t\t\t\n\t\t<div class=\"profile-card elementor-animation- text-center ekit-team-style-default\">\n\t\t\t\n\t\t\t\t<div class=\"profile-header ekit-team-img ekit-img-overlay ekit-team-img-block\" >\n\t\t\t\t\t<img decoding=\"async\" width=\"800\" height=\"593\" src=\"https:\/\/farsaeldarnetid.hi.is\/wp-content\/uploads\/2024\/01\/Ragny-HI_mynd.png\" class=\"attachment-large size-large wp-image-965\" alt=\"Ragn\u00fd \u00de\u00f3ra Gu\u00f0johnsen\" srcset=\"https:\/\/farsaeldarnetid.hi.is\/wp-content\/uploads\/2024\/01\/Ragny-HI_mynd.png 872w, https:\/\/farsaeldarnetid.hi.is\/wp-content\/uploads\/2024\/01\/Ragny-HI_mynd-300x222.png 300w, https:\/\/farsaeldarnetid.hi.is\/wp-content\/uploads\/2024\/01\/Ragny-HI_mynd-768x569.png 768w\" sizes=\"(max-width: 800px) 100vw, 800px\" \/>\t\t\t\t<\/div><!-- .profile-header END -->\n\t\t\t\n\n\t\t\t\t<div class=\"profile-body\">\n\t\t\t\t\t\n\t\t\t\t\t<h2 class=\"profile-title\">\n\t\t\t\t\t\t\t\t\t\t\tRagn\u00fd \u00de\u00f3ra Gu\u00f0johnsen\t\t\t\t\t\t\t\t\t\t<\/h2>\n\t\t\t\t\t<p class=\"profile-designation\">Assistant professor, School of Education at the University of Iceland<\/p>\n\t\t\t\t\t\t\t\t\t<\/div><!-- .profile-body END -->\n\n\t\t\t\t\t\t\t\t\t<div class=\"profile-footer\">\n\t\t\t\t\t\t<ul class=\"ekit-team-social-list\">\n\t\t\t<li class=\"elementor-repeater-item-dd38499\">\n\t\t\t<a href=\"https:\/\/english.hi.is\/staff\/ragny\" aria-label=\"Home\">\n\t\t\t\t<svg xmlns=\"http:\/\/www.w3.org\/2000\/svg\" xmlns:xlink=\"http:\/\/www.w3.org\/1999\/xlink\" id=\"Layer_1\" x=\"0px\" y=\"0px\" width=\"200px\" height=\"200px\" viewbox=\"0 0 200 200\" xml:space=\"preserve\"><g>\t<line fill=\"#FFFFFF\" x1=\"-0.004\" y1=\"61\" x2=\"200\" y2=\"61\"><\/line>\t<rect x=\"-0.004\" y=\"53\" fill=\"#FFFFFF\" width=\"200.004\" height=\"16\"><\/rect><\/g><g>\t<line fill=\"#FFFFFF\" x1=\"0\" y1=\"190\" x2=\"200\" y2=\"190\"><\/line>\t<rect y=\"182\" fill=\"#FFFFFF\" width=\"200\" height=\"16\"><\/rect><\/g><g>\t<line fill=\"#FFFFFF\" x1=\"15.5\" y1=\"162.5\" x2=\"183.519\" y2=\"162.5\"><\/line>\t<rect x=\"15.5\" y=\"154.5\" fill=\"#FFFFFF\" width=\"168.019\" height=\"16\"><\/rect><\/g><g>\t<line fill=\"#FFFFFF\" x1=\"21.5\" y1=\"90.5\" x2=\"173.5\" y2=\"90.5\"><\/line>\t<rect x=\"21.5\" y=\"82.5\" fill=\"#FFFFFF\" width=\"152\" height=\"16\"><\/rect><\/g><g>\t<line fill=\"#FFFFFF\" x1=\"29\" y1=\"82.5\" x2=\"29\" y2=\"163.75\"><\/line>\t<rect x=\"21\" y=\"82.5\" fill=\"#FFFFFF\" width=\"16\" height=\"81.25\"><\/rect><\/g><g>\t<line fill=\"#FFFFFF\" x1=\"55\" y1=\"84.5\" x2=\"55\" y2=\"165.75\"><\/line>\t<rect x=\"47\" y=\"84.5\" fill=\"#FFFFFF\" width=\"16\" height=\"81.25\"><\/rect><\/g><g>\t<line fill=\"#FFFFFF\" x1=\"81\" y1=\"82.5\" x2=\"81\" y2=\"163.75\"><\/line>\t<rect x=\"73\" y=\"82.5\" fill=\"#FFFFFF\" width=\"16\" height=\"81.25\"><\/rect><\/g><g>\t<line fill=\"#FFFFFF\" x1=\"119\" y1=\"82.5\" x2=\"119\" y2=\"163.75\"><\/line>\t<rect x=\"111\" y=\"82.5\" fill=\"#FFFFFF\" width=\"16\" height=\"81.25\"><\/rect><\/g><g>\t<line fill=\"#FFFFFF\" x1=\"145\" y1=\"83.5\" x2=\"145\" y2=\"164.75\"><\/line>\t<rect x=\"137\" y=\"83.5\" fill=\"#FFFFFF\" width=\"16\" height=\"81.25\"><\/rect><\/g><g>\t<line fill=\"#FFFFFF\" x1=\"171\" y1=\"82.5\" x2=\"171\" y2=\"163.75\"><\/line>\t<rect x=\"163\" y=\"82.5\" fill=\"#FFFFFF\" width=\"16\" height=\"81.25\"><\/rect><\/g><g>\t<polygon fill=\"#FFFFFF\" points=\"188.877,61.035 188.804,61 184.284,61 184.284,58.873 100.292,19.333 15.886,58.602 15.886,61   -0.114,61 -0.114,48.398 100.332,1.667 200.284,48.72 200.284,61  \"><\/polygon><\/g><g>\t\t\t<rect x=\"5.864\" y=\"67.607\" transform=\"matrix(0.7071 0.7071 -0.7071 0.7071 60.8153 4.3917)\" fill=\"#FFFFFF\" width=\"38.485\" height=\"16\"><\/rect><\/g><g>\t\t\t<rect x=\"170.013\" y=\"54\" transform=\"matrix(0.7071 0.7071 -0.7071 0.7071 104.8011 -104.055)\" fill=\"#FFFFFF\" width=\"16\" height=\"40.974\"><\/rect><\/g><g>\t<path fill=\"#FFFFFF\" stroke=\"#110C0D\" stroke-width=\"16\" d=\"M29,157.75\"><\/path><\/g><g>\t\t\t<rect x=\"168.798\" y=\"165.08\" transform=\"matrix(0.5146 0.8574 -0.8574 0.5146 238.2924 -74.7722)\" fill=\"#FFFFFF\" width=\"32.779\" height=\"16\"><\/rect><\/g><g>\t\t\t<rect x=\"6.732\" y=\"156.369\" transform=\"matrix(0.8776 0.4794 -0.4794 0.8776 84.555 14.0651)\" fill=\"#FFFFFF\" width=\"16\" height=\"32.519\"><\/rect><\/g><g><\/g><g><\/g><g><\/g><g><\/g><g><\/g><g><\/g><\/svg>\t\t\t<\/a>\n\t\t<\/li>\n\t\t\t<li class=\"elementor-repeater-item-1ef450b\">\n\t\t\t<a href=\"mailto:ragny@hi.is\/%20\" aria-label=\"Email\">\n\t\t\t\t<i aria-hidden=\"true\" class=\"icon icon-email1\"><\/i>\t\t\t<\/a>\n\t\t<\/li>\n\t<\/ul>\n\t\t\t\t\t<\/div>\n\t\t\t\t\t\t\t\t\t<\/div>\n\t\t\t\t\t\t\t\n\t\t\t\n\t\t\t\t<\/div>\t\t\t\t<\/div>\n\t\t\t\t<\/div>\n\t\t\t\t\t<\/div>\n\t\t<\/div>\n\t\t\t\t<div class=\"elementor-column elementor-col-25 elementor-top-column elementor-element elementor-element-d171792\" data-id=\"d171792\" data-element_type=\"column\" data-e-type=\"column\">\n\t\t\t<div class=\"elementor-widget-wrap elementor-element-populated\">\n\t\t\t\t\t\t<div class=\"elementor-element elementor-element-044ee5c elementor-widget elementor-widget-elementskit-team\" data-id=\"044ee5c\" data-element_type=\"widget\" data-e-type=\"widget\" data-widget_type=\"elementskit-team.default\">\n\t\t\t\t<div class=\"elementor-widget-container\">\n\t\t\t\t\t<div class=\"ekit-wid-con\">\t\t\t\t\t\t\t\t\n\t\t<div class=\"profile-card elementor-animation- text-center ekit-team-style-default\">\n\t\t\t\n\t\t\t\t<div class=\"profile-header ekit-team-img ekit-img-overlay ekit-team-img-block\" >\n\t\t\t\t\t<img loading=\"lazy\" decoding=\"async\" width=\"800\" height=\"534\" src=\"https:\/\/farsaeldarnetid.hi.is\/wp-content\/uploads\/2024\/03\/HI_Arna_7V4A5134_01-copy-1024x683.jpg\" class=\"attachment-large size-large wp-image-1692\" alt=\"Arna Hauksd\u00f3ttir\" srcset=\"https:\/\/farsaeldarnetid.hi.is\/wp-content\/uploads\/2024\/03\/HI_Arna_7V4A5134_01-copy-1024x683.jpg 1024w, https:\/\/farsaeldarnetid.hi.is\/wp-content\/uploads\/2024\/03\/HI_Arna_7V4A5134_01-copy-300x200.jpg 300w, https:\/\/farsaeldarnetid.hi.is\/wp-content\/uploads\/2024\/03\/HI_Arna_7V4A5134_01-copy-768x512.jpg 768w, https:\/\/farsaeldarnetid.hi.is\/wp-content\/uploads\/2024\/03\/HI_Arna_7V4A5134_01-copy-1536x1025.jpg 1536w, https:\/\/farsaeldarnetid.hi.is\/wp-content\/uploads\/2024\/03\/HI_Arna_7V4A5134_01-copy-18x12.jpg 18w, https:\/\/farsaeldarnetid.hi.is\/wp-content\/uploads\/2024\/03\/HI_Arna_7V4A5134_01-copy.jpg 2000w\" sizes=\"(max-width: 800px) 100vw, 800px\" \/>\t\t\t\t<\/div><!-- .profile-header END -->\n\t\t\t\n\n\t\t\t\t<div class=\"profile-body\">\n\t\t\t\t\t\n\t\t\t\t\t<h2 class=\"profile-title\">\n\t\t\t\t\t\t\t\t\t\t\tArna Hauksd\u00f3ttir\t\t\t\t\t\t\t\t\t\t<\/h2>\n\t\t\t\t\t<p class=\"profile-designation\">Professor in Public Health Services at the University of Iceland<\/p>\n\t\t\t\t\t\t\t\t\t<\/div><!-- .profile-body END -->\n\n\t\t\t\t\t\t\t\t\t<div class=\"profile-footer\">\n\t\t\t\t\t\t<ul class=\"ekit-team-social-list\">\n\t\t\t<li class=\"elementor-repeater-item-adbb7c3\">\n\t\t\t<a href=\"https:\/\/english.hi.is\/staff\/arnah\" aria-label=\"Home\">\n\t\t\t\t<svg xmlns=\"http:\/\/www.w3.org\/2000\/svg\" xmlns:xlink=\"http:\/\/www.w3.org\/1999\/xlink\" id=\"Layer_1\" x=\"0px\" y=\"0px\" width=\"200px\" height=\"200px\" viewbox=\"0 0 200 200\" xml:space=\"preserve\"><g>\t<line fill=\"#FFFFFF\" x1=\"-0.004\" y1=\"61\" x2=\"200\" y2=\"61\"><\/line>\t<rect x=\"-0.004\" y=\"53\" fill=\"#FFFFFF\" width=\"200.004\" height=\"16\"><\/rect><\/g><g>\t<line fill=\"#FFFFFF\" x1=\"0\" y1=\"190\" x2=\"200\" y2=\"190\"><\/line>\t<rect y=\"182\" fill=\"#FFFFFF\" width=\"200\" height=\"16\"><\/rect><\/g><g>\t<line fill=\"#FFFFFF\" x1=\"15.5\" y1=\"162.5\" x2=\"183.519\" y2=\"162.5\"><\/line>\t<rect x=\"15.5\" y=\"154.5\" fill=\"#FFFFFF\" width=\"168.019\" height=\"16\"><\/rect><\/g><g>\t<line fill=\"#FFFFFF\" x1=\"21.5\" y1=\"90.5\" x2=\"173.5\" y2=\"90.5\"><\/line>\t<rect x=\"21.5\" y=\"82.5\" fill=\"#FFFFFF\" width=\"152\" height=\"16\"><\/rect><\/g><g>\t<line fill=\"#FFFFFF\" x1=\"29\" y1=\"82.5\" x2=\"29\" y2=\"163.75\"><\/line>\t<rect x=\"21\" y=\"82.5\" fill=\"#FFFFFF\" width=\"16\" height=\"81.25\"><\/rect><\/g><g>\t<line fill=\"#FFFFFF\" x1=\"55\" y1=\"84.5\" x2=\"55\" y2=\"165.75\"><\/line>\t<rect x=\"47\" y=\"84.5\" fill=\"#FFFFFF\" width=\"16\" height=\"81.25\"><\/rect><\/g><g>\t<line fill=\"#FFFFFF\" x1=\"81\" y1=\"82.5\" x2=\"81\" y2=\"163.75\"><\/line>\t<rect x=\"73\" y=\"82.5\" fill=\"#FFFFFF\" width=\"16\" height=\"81.25\"><\/rect><\/g><g>\t<line fill=\"#FFFFFF\" x1=\"119\" y1=\"82.5\" x2=\"119\" y2=\"163.75\"><\/line>\t<rect x=\"111\" y=\"82.5\" fill=\"#FFFFFF\" width=\"16\" height=\"81.25\"><\/rect><\/g><g>\t<line fill=\"#FFFFFF\" x1=\"145\" y1=\"83.5\" x2=\"145\" y2=\"164.75\"><\/line>\t<rect x=\"137\" y=\"83.5\" fill=\"#FFFFFF\" width=\"16\" height=\"81.25\"><\/rect><\/g><g>\t<line fill=\"#FFFFFF\" x1=\"171\" y1=\"82.5\" x2=\"171\" y2=\"163.75\"><\/line>\t<rect x=\"163\" y=\"82.5\" fill=\"#FFFFFF\" width=\"16\" height=\"81.25\"><\/rect><\/g><g>\t<polygon fill=\"#FFFFFF\" points=\"188.877,61.035 188.804,61 184.284,61 184.284,58.873 100.292,19.333 15.886,58.602 15.886,61   -0.114,61 -0.114,48.398 100.332,1.667 200.284,48.72 200.284,61  \"><\/polygon><\/g><g>\t\t\t<rect x=\"5.864\" y=\"67.607\" transform=\"matrix(0.7071 0.7071 -0.7071 0.7071 60.8153 4.3917)\" fill=\"#FFFFFF\" width=\"38.485\" height=\"16\"><\/rect><\/g><g>\t\t\t<rect x=\"170.013\" y=\"54\" transform=\"matrix(0.7071 0.7071 -0.7071 0.7071 104.8011 -104.055)\" fill=\"#FFFFFF\" width=\"16\" height=\"40.974\"><\/rect><\/g><g>\t<path fill=\"#FFFFFF\" stroke=\"#110C0D\" stroke-width=\"16\" d=\"M29,157.75\"><\/path><\/g><g>\t\t\t<rect x=\"168.798\" y=\"165.08\" transform=\"matrix(0.5146 0.8574 -0.8574 0.5146 238.2924 -74.7722)\" fill=\"#FFFFFF\" width=\"32.779\" height=\"16\"><\/rect><\/g><g>\t\t\t<rect x=\"6.732\" y=\"156.369\" transform=\"matrix(0.8776 0.4794 -0.4794 0.8776 84.555 14.0651)\" fill=\"#FFFFFF\" width=\"16\" height=\"32.519\"><\/rect><\/g><g><\/g><g><\/g><g><\/g><g><\/g><g><\/g><g><\/g><\/svg>\t\t\t<\/a>\n\t\t<\/li>\n\t\t\t<li class=\"elementor-repeater-item-1ef450b\">\n\t\t\t<a href=\"mailto:arnaht@hi.is\/%20\" aria-label=\"Email\">\n\t\t\t\t<i aria-hidden=\"true\" class=\"icon icon-email1\"><\/i>\t\t\t<\/a>\n\t\t<\/li>\n\t<\/ul>\n\t\t\t\t\t<\/div>\n\t\t\t\t\t\t\t\t\t<\/div>\n\t\t\t\t\t\t\t\n\t\t\t\n\t\t\t\t<\/div>\t\t\t\t<\/div>\n\t\t\t\t<\/div>\n\t\t\t\t\t<\/div>\n\t\t<\/div>\n\t\t\t\t\t<\/div>\n\t\t<\/section>\n\t\t\t\t<\/div>","protected":false},"excerpt":{"rendered":"<p>Stj\u00f3rnarme\u00f0limir Stj\u00f3rn Fars\u00e6ldarnetsins Ragnhei\u00f0ur Hergeirsd\u00f3ttir Lektor vi\u00f0 F\u00e9lagsr\u00e1\u00f0gjafardeild H\u00e1sk\u00f3la \u00cdslands \u00a0 \u00a0 \u00a0 \u00a0 Herd\u00eds Steingr\u00edmsd\u00f3ttir Lektor \u00ed Hagfr\u00e6\u00f0i vi\u00f0 Copenhagen Business School og d\u00f3sent vi\u00f0 F\u00e9lagsr\u00e1\u00f0gjafardeild H\u00e1sk\u00f3la \u00cdslands \u00a0 \u00a0 Ragn\u00fd \u00de\u00f3ra Gu\u00f0johnsen Lektor \u00e1 Menntav\u00edsindasvi\u00f0i H\u00e1sk\u00f3la \u00cdslands \u00a0 \u00a0 Arna Hauksd\u00f3ttir Pr\u00f3fessor \u00e1 Heilbrig\u00f0isv\u00edsindasvi\u00f0i \u00a0 \u00a0<\/p>","protected":false},"author":1,"featured_media":1677,"parent":0,"menu_order":0,"comment_status":"closed","ping_status":"closed","template":"","meta":{"footnotes":""},"class_list":["post-469","page","type-page","status-publish","has-post-thumbnail","hentry"],"_links":{"self":[{"href":"https:\/\/farsaeldarnetid.hi.is\/en\/wp-json\/wp\/v2\/pages\/469","targetHints":{"allow":["GET"]}}],"collection":[{"href":"https:\/\/farsaeldarnetid.hi.is\/en\/wp-json\/wp\/v2\/pages"}],"about":[{"href":"https:\/\/farsaeldarnetid.hi.is\/en\/wp-json\/wp\/v2\/types\/page"}],"author":[{"embeddable":true,"href":"https:\/\/farsaeldarnetid.hi.is\/en\/wp-json\/wp\/v2\/users\/1"}],"replies":[{"embeddable":true,"href":"https:\/\/farsaeldarnetid.hi.is\/en\/wp-json\/wp\/v2\/comments?post=469"}],"version-history":[{"count":104,"href":"https:\/\/farsaeldarnetid.hi.is\/en\/wp-json\/wp\/v2\/pages\/469\/revisions"}],"predecessor-version":[{"id":2249,"href":"https:\/\/farsaeldarnetid.hi.is\/en\/wp-json\/wp\/v2\/pages\/469\/revisions\/2249"}],"wp:featuredmedia":[{"embeddable":true,"href":"https:\/\/farsaeldarnetid.hi.is\/en\/wp-json\/wp\/v2\/media\/1677"}],"wp:attachment":[{"href":"https:\/\/farsaeldarnetid.hi.is\/en\/wp-json\/wp\/v2\/media?parent=469"}],"curies":[{"name":"wp","href":"https:\/\/api.w.org\/{rel}","templated":true}]}}