{"id":1309,"date":"2024-01-04T13:58:08","date_gmt":"2024-01-04T13:58:08","guid":{"rendered":"https:\/\/icewell.hi.is\/?page_id=1309"},"modified":"2024-06-05T13:49:22","modified_gmt":"2024-06-05T13:49:22","slug":"postlistaskraning","status":"publish","type":"page","link":"https:\/\/farsaeldarnetid.hi.is\/en\/forsida\/postlistaskraning\/","title":{"rendered":"IceWell Mailing List"},"content":{"rendered":"\t\t<div data-elementor-type=\"wp-page\" data-elementor-id=\"1309\" class=\"elementor elementor-1309\" data-elementor-post-type=\"page\">\n\t\t\t\t\t\t<section class=\"elementor-section elementor-top-section elementor-element elementor-element-c5d61a8 elementor-section-boxed elementor-section-height-default elementor-section-height-default\" data-id=\"c5d61a8\" data-element_type=\"section\" data-e-type=\"section\">\n\t\t\t\t\t\t<div class=\"elementor-container elementor-column-gap-default\">\n\t\t\t\t\t<div class=\"elementor-column elementor-col-100 elementor-top-column elementor-element elementor-element-798f101\" data-id=\"798f101\" data-element_type=\"column\" data-e-type=\"column\">\n\t\t\t<div class=\"elementor-widget-wrap elementor-element-populated\">\n\t\t\t\t\t\t<div class=\"elementor-element elementor-element-fdf920a elementor-widget elementor-widget-heading\" data-id=\"fdf920a\" data-element_type=\"widget\" data-e-type=\"widget\" data-widget_type=\"heading.default\">\n\t\t\t\t<div class=\"elementor-widget-container\">\n\t\t\t\t\t<h2 class=\"elementor-heading-title elementor-size-default\">P\u00f3stlistaskr\u00e1ning<\/h2>\t\t\t\t<\/div>\n\t\t\t\t<\/div>\n\t\t\t\t<div class=\"elementor-element elementor-element-8912ec9 elementor-widget elementor-widget-text-editor\" data-id=\"8912ec9\" data-element_type=\"widget\" data-e-type=\"widget\" data-widget_type=\"text-editor.default\">\n\t\t\t\t<div class=\"elementor-widget-container\">\n\t\t\t\t\t\t\t\t\t<p>Fars\u00e6ldarneti\u00f0 heldur \u00fati p\u00f3stlista sem sendir l\u00e6tur vita af vi\u00f0bur\u00f0um og fr\u00e9ttum af ranns\u00f3knum \u00ed tengslum vi\u00f0 ranns\u00f3knir \u00e1 b\u00f6rnum og ungu f\u00f3lki.\u00a0<\/p>\t\t\t\t\t\t\t\t<\/div>\n\t\t\t\t<\/div>\n\t\t\t\t<div class=\"elementor-element elementor-element-8685068 elementor-widget elementor-widget-wpforms\" data-id=\"8685068\" data-element_type=\"widget\" data-e-type=\"widget\" data-widget_type=\"wpforms.default\">\n\t\t\t\t<div class=\"elementor-widget-container\">\n\t\t\t\t\t<style id=\"wpforms-css-vars-elementor-widget-8685068\">\n\t\t\t\t.elementor-widget-wpforms.elementor-element-8685068 {\n\t\t\t\t--wpforms-button-background-color: #10099F;\n\t\t\t}\n\t\t\t<\/style><div class=\"wpforms-container wpforms-container-full wpforms-render-modern\" id=\"wpforms-1311\"><form id=\"wpforms-form-1311\" class=\"wpforms-validate wpforms-form wpforms-ajax-form\" data-formid=\"1311\" method=\"post\" enctype=\"multipart\/form-data\" action=\"\/en\/wp-json\/wp\/v2\/pages\/1309\" data-token=\"d34ebf23020e841233aa527cc8b253d2\" data-token-time=\"1775298358\"><noscript class=\"wpforms-error-noscript\">Please enable JavaScript in your browser to complete this form.<\/noscript><div id=\"wpforms-error-noscript\" style=\"display: none;\">Please enable JavaScript in your browser to complete this form.<\/div><div class=\"wpforms-field-container\"><div id=\"wpforms-1311-field_1-container\" class=\"wpforms-field wpforms-field-name\" data-field-id=\"1\"><label class=\"wpforms-field-label\" for=\"wpforms-1311-field_1\">Nafn <span class=\"wpforms-required-label\" aria-hidden=\"true\">*<\/span><\/label><input type=\"text\" id=\"wpforms-1311-field_1\" class=\"wpforms-field-medium wpforms-field-required\" name=\"wpforms[fields][1]\" aria-errormessage=\"wpforms-1311-field_1-error\" required><\/div><div id=\"wpforms-1311-field_2-container\" class=\"wpforms-field wpforms-field-email\" data-field-id=\"2\"><label class=\"wpforms-field-label\" for=\"wpforms-1311-field_2\">Netfang <span class=\"wpforms-required-label\" aria-hidden=\"true\">*<\/span><\/label><input type=\"email\" id=\"wpforms-1311-field_2\" class=\"wpforms-field-medium wpforms-field-required\" name=\"wpforms[fields][2]\" spellcheck=\"false\" aria-errormessage=\"wpforms-1311-field_2-error\" required><\/div><\/div><!-- .wpforms-field-container --><div class=\"wpforms-submit-container\" ><input type=\"hidden\" name=\"wpforms[id]\" value=\"1311\"><input type=\"hidden\" name=\"page_title\" value=\"\"><input type=\"hidden\" name=\"page_url\" value=\"https:\/\/farsaeldarnetid.hi.is\/en\/wp-json\/wp\/v2\/pages\/1309\"><input type=\"hidden\" name=\"url_referer\" value=\"\"><button type=\"submit\" name=\"wpforms[submit]\" id=\"wpforms-submit-1311\" class=\"wpforms-submit\" data-alt-text=\"Sendist...\" data-submit-text=\"Skr\u00e1 \u00e1 p\u00f3stlista\" aria-live=\"assertive\" value=\"wpforms-submit\">Skr\u00e1 \u00e1 p\u00f3stlista<\/button><img decoding=\"async\" src=\"https:\/\/farsaeldarnetid.hi.is\/wp-content\/plugins\/wpforms-lite\/assets\/images\/submit-spin.svg\" class=\"wpforms-submit-spinner\" style=\"display: none;\" width=\"26\" height=\"26\" alt=\"Loading\"><\/div><\/form><\/div>  <!-- .wpforms-container -->\t\t\t\t<\/div>\n\t\t\t\t<\/div>\n\t\t\t\t<div class=\"elementor-element elementor-element-fe9a3df elementor-widget elementor-widget-text-editor\" data-id=\"fe9a3df\" data-element_type=\"widget\" data-e-type=\"widget\" data-widget_type=\"text-editor.default\">\n\t\t\t\t<div class=\"elementor-widget-container\">\n\t\t\t\t\t\t\t\t\t<p>Athugi\u00f0 a\u00f0 a\u00f0eins eru sendar uppl\u00fdsingar sem hafa me\u00f0 Fars\u00e6ldarneti\u00f0 a\u00f0 gera \u00ed gegnum \u00feennan p\u00f3stlista og uppl\u00fdsingum um \u00feig ver\u00f0ur ekki deilt me\u00f0 \u00feri\u00f0ja a\u00f0ila.\u00a0<\/p>\t\t\t\t\t\t\t\t<\/div>\n\t\t\t\t<\/div>\n\t\t\t\t\t<\/div>\n\t\t<\/div>\n\t\t\t\t\t<\/div>\n\t\t<\/section>\n\t\t\t\t<\/div>\n\t\t","protected":false},"excerpt":{"rendered":"<p>P\u00f3stlistaskr\u00e1ning Fars\u00e6ldarneti\u00f0 heldur \u00fati p\u00f3stlista sem sendir l\u00e6tur vita af vi\u00f0bur\u00f0um og fr\u00e9ttum af ranns\u00f3knum \u00ed tengslum vi\u00f0 ranns\u00f3knir \u00e1 b\u00f6rnum og ungu f\u00f3lki. Please enable JavaScript in your browser to complete this form.Please enable JavaScript in your browser to complete this form.Nafn *Netfang * Skr\u00e1 \u00e1 p\u00f3stlista Athugi\u00f0 a\u00f0 a\u00f0eins eru sendar uppl\u00fdsingar sem [&hellip;]<\/p>\n","protected":false},"author":11,"featured_media":0,"parent":458,"menu_order":0,"comment_status":"closed","ping_status":"closed","template":"","meta":{"footnotes":""},"class_list":["post-1309","page","type-page","status-publish","hentry"],"_links":{"self":[{"href":"https:\/\/farsaeldarnetid.hi.is\/en\/wp-json\/wp\/v2\/pages\/1309","targetHints":{"allow":["GET"]}}],"collection":[{"href":"https:\/\/farsaeldarnetid.hi.is\/en\/wp-json\/wp\/v2\/pages"}],"about":[{"href":"https:\/\/farsaeldarnetid.hi.is\/en\/wp-json\/wp\/v2\/types\/page"}],"author":[{"embeddable":true,"href":"https:\/\/farsaeldarnetid.hi.is\/en\/wp-json\/wp\/v2\/users\/11"}],"replies":[{"embeddable":true,"href":"https:\/\/farsaeldarnetid.hi.is\/en\/wp-json\/wp\/v2\/comments?post=1309"}],"version-history":[{"count":34,"href":"https:\/\/farsaeldarnetid.hi.is\/en\/wp-json\/wp\/v2\/pages\/1309\/revisions"}],"predecessor-version":[{"id":2111,"href":"https:\/\/farsaeldarnetid.hi.is\/en\/wp-json\/wp\/v2\/pages\/1309\/revisions\/2111"}],"up":[{"embeddable":true,"href":"https:\/\/farsaeldarnetid.hi.is\/en\/wp-json\/wp\/v2\/pages\/458"}],"wp:attachment":[{"href":"https:\/\/farsaeldarnetid.hi.is\/en\/wp-json\/wp\/v2\/media?parent=1309"}],"curies":[{"name":"wp","href":"https:\/\/api.w.org\/{rel}","templated":true}]}}